{"id":607,"date":"2022-08-10T15:29:30","date_gmt":"2022-08-10T13:29:30","guid":{"rendered":"http:\/\/www.cafe-altes-pfarrhaus.de\/site\/?page_id=607"},"modified":"2025-10-08T13:17:19","modified_gmt":"2025-10-08T11:17:19","slug":"aktuelles","status":"publish","type":"page","link":"https:\/\/www.cafe-altes-pfarrhaus.de\/site\/aktuelles\/","title":{"rendered":"Veranstaltungen"},"content":{"rendered":"\n<p><strong>F\u00fcr die nachfolgenden Veranstaltungen ist eine Reservierung erforderlich. <\/strong>Gerne k\u00f6nnen Sie im Caf\u00e9 direkt reservieren oder telefonisch unter 0178 8454083 oder Sie schreiben uns eine Mail an info@cafe-altes-Pfarrhaus.de<\/p>\n\n\n\n<figure class=\"wp-block-image size-large is-resized\"><img loading=\"lazy\" decoding=\"async\" width=\"768\" height=\"1024\" src=\"http:\/\/www.cafe-altes-pfarrhaus.de\/site\/wp-content\/uploads\/2025\/02\/IMG_0523-768x1024.jpeg\" alt=\"\" class=\"wp-image-1033\" style=\"width:445px;height:auto\" srcset=\"https:\/\/www.cafe-altes-pfarrhaus.de\/site\/wp-content\/uploads\/2025\/02\/IMG_0523-768x1024.jpeg 768w, https:\/\/www.cafe-altes-pfarrhaus.de\/site\/wp-content\/uploads\/2025\/02\/IMG_0523-225x300.jpeg 225w, https:\/\/www.cafe-altes-pfarrhaus.de\/site\/wp-content\/uploads\/2025\/02\/IMG_0523-1152x1536.jpeg 1152w, https:\/\/www.cafe-altes-pfarrhaus.de\/site\/wp-content\/uploads\/2025\/02\/IMG_0523-1536x2048.jpeg 1536w, https:\/\/www.cafe-altes-pfarrhaus.de\/site\/wp-content\/uploads\/2025\/02\/IMG_0523-scaled.jpeg 1920w\" sizes=\"auto, (max-width: 768px) 100vw, 768px\" \/><\/figure>\n\n\n\n<p><\/p>\n\n\n\n<p class=\"has-medium-font-size\"><\/p>\n\n\n\n<p><\/p>\n\n\n\n<p><\/p>\n\n\n\n<p><\/p>\n\n\n\n<p><\/p>\n\n\n\n<p class=\"has-medium-font-size\"><\/p>\n\n\n\n<p><\/p>\n\n\n\n<p><\/p>\n","protected":false},"excerpt":{"rendered":"<p>F\u00fcr die nachfolgenden Veranstaltungen ist eine Reservierung erforderlich. Gerne k\u00f6nnen Sie im Caf\u00e9 direkt reservieren oder telefonisch unter 0178 8454083 oder Sie schreiben uns eine Mail an info@cafe-altes-Pfarrhaus.de<\/p>\n","protected":false},"author":1,"featured_media":0,"parent":0,"menu_order":0,"comment_status":"closed","ping_status":"closed","template":"","meta":{"ngg_post_thumbnail":0,"footnotes":""},"class_list":["post-607","page","type-page","status-publish","hentry"],"_links":{"self":[{"href":"https:\/\/www.cafe-altes-pfarrhaus.de\/site\/wp-json\/wp\/v2\/pages\/607","targetHints":{"allow":["GET"]}}],"collection":[{"href":"https:\/\/www.cafe-altes-pfarrhaus.de\/site\/wp-json\/wp\/v2\/pages"}],"about":[{"href":"https:\/\/www.cafe-altes-pfarrhaus.de\/site\/wp-json\/wp\/v2\/types\/page"}],"author":[{"embeddable":true,"href":"https:\/\/www.cafe-altes-pfarrhaus.de\/site\/wp-json\/wp\/v2\/users\/1"}],"replies":[{"embeddable":true,"href":"https:\/\/www.cafe-altes-pfarrhaus.de\/site\/wp-json\/wp\/v2\/comments?post=607"}],"version-history":[{"count":95,"href":"https:\/\/www.cafe-altes-pfarrhaus.de\/site\/wp-json\/wp\/v2\/pages\/607\/revisions"}],"predecessor-version":[{"id":1087,"href":"https:\/\/www.cafe-altes-pfarrhaus.de\/site\/wp-json\/wp\/v2\/pages\/607\/revisions\/1087"}],"wp:attachment":[{"href":"https:\/\/www.cafe-altes-pfarrhaus.de\/site\/wp-json\/wp\/v2\/media?parent=607"}],"curies":[{"name":"wp","href":"https:\/\/api.w.org\/{rel}","templated":true}]}}